{"id":1851,"date":"2013-06-02T12:52:33","date_gmt":"2013-06-02T12:52:33","guid":{"rendered":"https:\/\/landscaping.vamtam.com\/?page_id=1851"},"modified":"2023-02-16T13:06:28","modified_gmt":"2023-02-16T13:06:28","slug":"produse","status":"publish","type":"page","link":"https:\/\/masti.francesca.ro\/en\/produse\/","title":{"rendered":"Products"},"content":{"rendered":"<div class=\"vgblk-rw-wrapper limit-wrapper\">\r\n<p>Surgical face masks and protective medical equipment<\/p>\r\n<p>The medical face masks are tested and authorized by the Ministry of Health, through the National Medicine and Medical Devices Agency  and the Ministry of National Defense. These institutions certify that our products comply with the SR EN 14683+AC:2019 standards, and are registered into the first class according to the Annex IX of the 93\/42\/EEC Directive.<\/p>\r\n<\/div><!-- .vgblk-rw-wrapper -->","protected":false},"excerpt":{"rendered":"<p>M\u0103\u0219ti chirurgicale \u0219i echipamente medicale de protec\u021bie M\u0103\u0219tile medicale sunt testate \u0219i avizate de c\u0103tre Ministerul S\u0103n\u0103t\u0103\u021bii prin Agen\u021bia Na\u021bional\u0103 a Medicamentului \u0219i Dispozitive Medicale \u0219i de Ministerul Ap\u0103r\u0103rii Na\u021bionale, institu\u021bii ce atest\u0103 c\u0103 produsele noastre respect\u0103 standardele SR EN 14683+AC:2019 \u0219i sunt \u00eenregistrate \u00een clasa I conform anexei IX din Directiva 93\/42\/EEC pentru tipurile&#8230;<\/p>","protected":false},"author":1,"featured_media":0,"parent":0,"menu_order":0,"comment_status":"closed","ping_status":"closed","template":"","meta":{"footnotes":""},"yoast_head":"<!-- This site is optimized with the Yoast SEO plugin v21.9.1 - https:\/\/yoast.com\/wordpress\/plugins\/seo\/ -->\n<title>M\u0103\u0219ti \u0219i echipamente medicale &#8226; ANN REEVES &amp; FRANCESCA<\/title>\n<meta name=\"description\" content=\"Cel mai bun produc\u0103tor de m\u0103\u0219ti chirurgicale de unic\u0103 folosin\u021b\u0103 \u0219i echipamente medicale de protec\u021bie personal\u0103 din Sud Estul Europei.\" \/>\n<meta name=\"robots\" content=\"index, follow, max-snippet:-1, max-image-preview:large, max-video-preview:-1\" \/>\n<link rel=\"canonical\" href=\"https:\/\/masti.francesca.ro\/en\/produse\/\" \/>\n<meta property=\"og:locale\" content=\"en_US\" \/>\n<meta property=\"og:type\" content=\"article\" \/>\n<meta property=\"og:title\" content=\"M\u0103\u0219ti \u0219i echipamente medicale\" \/>\n<meta property=\"og:description\" content=\"Cel mai bun produc\u0103tor de m\u0103\u0219ti chirurgicale de unic\u0103 folosin\u021b\u0103 \u0219i echipamente medicale de protec\u021bie personal\u0103 din Sud Estul Europei.\" \/>\n<meta property=\"og:url\" content=\"https:\/\/masti.francesca.ro\/en\/produse\/\" \/>\n<meta property=\"og:site_name\" content=\"ANN REEVES &amp; FRANCESCA\" \/>\n<meta property=\"article:publisher\" content=\"https:\/\/www.facebook.com\/francesca.industries\" \/>\n<meta property=\"article:modified_time\" content=\"2023-02-16T13:06:28+00:00\" \/>\n<meta property=\"og:image\" content=\"https:\/\/masti.francesca.ro\/wp-content\/uploads\/2020\/10\/fav_icon.png\" \/>\n\t<meta property=\"og:image:width\" content=\"300\" \/>\n\t<meta property=\"og:image:height\" content=\"300\" \/>\n\t<meta property=\"og:image:type\" content=\"image\/png\" \/>\n<meta name=\"twitter:label1\" content=\"Est. reading time\" \/>\n\t<meta name=\"twitter:data1\" content=\"1 minute\" \/>\n<script type=\"application\/ld+json\" class=\"yoast-schema-graph\">{\"@context\":\"https:\/\/schema.org\",\"@graph\":[{\"@type\":\"WebPage\",\"@id\":\"https:\/\/masti.francesca.ro\/produse\/\",\"url\":\"https:\/\/masti.francesca.ro\/produse\/\",\"name\":\"M\u0103\u0219ti \u0219i echipamente medicale &#8226; ANN REEVES &amp; FRANCESCA\",\"isPartOf\":{\"@id\":\"https:\/\/masti.francesca.ro\/#website\"},\"datePublished\":\"2013-06-02T12:52:33+00:00\",\"dateModified\":\"2023-02-16T13:06:28+00:00\",\"description\":\"Cel mai bun produc\u0103tor de m\u0103\u0219ti chirurgicale de unic\u0103 folosin\u021b\u0103 \u0219i echipamente medicale de protec\u021bie personal\u0103 din Sud Estul Europei.\",\"breadcrumb\":{\"@id\":\"https:\/\/masti.francesca.ro\/produse\/#breadcrumb\"},\"inLanguage\":\"en-US\",\"potentialAction\":[{\"@type\":\"ReadAction\",\"target\":[\"https:\/\/masti.francesca.ro\/produse\/\"]}]},{\"@type\":\"BreadcrumbList\",\"@id\":\"https:\/\/masti.francesca.ro\/produse\/#breadcrumb\",\"itemListElement\":[{\"@type\":\"ListItem\",\"position\":1,\"name\":\"Home\",\"item\":\"https:\/\/masti.francesca.ro\/\"},{\"@type\":\"ListItem\",\"position\":2,\"name\":\"Produse\"}]},{\"@type\":\"WebSite\",\"@id\":\"https:\/\/masti.francesca.ro\/#website\",\"url\":\"https:\/\/masti.francesca.ro\/\",\"name\":\"ANN REEVES &amp; FRANCESCA\",\"description\":\"\",\"publisher\":{\"@id\":\"https:\/\/masti.francesca.ro\/#organization\"},\"potentialAction\":[{\"@type\":\"SearchAction\",\"target\":{\"@type\":\"EntryPoint\",\"urlTemplate\":\"https:\/\/masti.francesca.ro\/?s={search_term_string}\"},\"query-input\":\"required name=search_term_string\"}],\"inLanguage\":\"en-US\"},{\"@type\":\"Organization\",\"@id\":\"https:\/\/masti.francesca.ro\/#organization\",\"name\":\"S.C. ANN REEVES & FRANCESCA S.A.\",\"url\":\"https:\/\/masti.francesca.ro\/\",\"logo\":{\"@type\":\"ImageObject\",\"inLanguage\":\"en-US\",\"@id\":\"https:\/\/masti.francesca.ro\/#\/schema\/logo\/image\/\",\"url\":\"https:\/\/masti.francesca.ro\/medical\/wp-content\/uploads\/2020\/10\/logo-francesca_ANN_g.png\",\"contentUrl\":\"https:\/\/masti.francesca.ro\/medical\/wp-content\/uploads\/2020\/10\/logo-francesca_ANN_g.png\",\"width\":629,\"height\":197,\"caption\":\"S.C. ANN REEVES & FRANCESCA S.A.\"},\"image\":{\"@id\":\"https:\/\/masti.francesca.ro\/#\/schema\/logo\/image\/\"},\"sameAs\":[\"https:\/\/www.facebook.com\/francesca.industries\"]}]}<\/script>\n<!-- \/ Yoast SEO plugin. -->","yoast_head_json":{"title":"M\u0103\u0219ti \u0219i echipamente medicale &#8226; ANN REEVES &amp; FRANCESCA","description":"Cel mai bun produc\u0103tor de m\u0103\u0219ti chirurgicale de unic\u0103 folosin\u021b\u0103 \u0219i echipamente medicale de protec\u021bie personal\u0103 din Sud Estul Europei.","robots":{"index":"index","follow":"follow","max-snippet":"max-snippet:-1","max-image-preview":"max-image-preview:large","max-video-preview":"max-video-preview:-1"},"canonical":"https:\/\/masti.francesca.ro\/en\/produse\/","og_locale":"en_US","og_type":"article","og_title":"M\u0103\u0219ti \u0219i echipamente medicale","og_description":"Cel mai bun produc\u0103tor de m\u0103\u0219ti chirurgicale de unic\u0103 folosin\u021b\u0103 \u0219i echipamente medicale de protec\u021bie personal\u0103 din Sud Estul Europei.","og_url":"https:\/\/masti.francesca.ro\/en\/produse\/","og_site_name":"ANN REEVES &amp; FRANCESCA","article_publisher":"https:\/\/www.facebook.com\/francesca.industries","article_modified_time":"2023-02-16T13:06:28+00:00","og_image":[{"width":300,"height":300,"url":"https:\/\/masti.francesca.ro\/wp-content\/uploads\/2020\/10\/fav_icon.png","type":"image\/png"}],"twitter_misc":{"Est. reading time":"1 minute"},"schema":{"@context":"https:\/\/schema.org","@graph":[{"@type":"WebPage","@id":"https:\/\/masti.francesca.ro\/produse\/","url":"https:\/\/masti.francesca.ro\/produse\/","name":"M\u0103\u0219ti \u0219i echipamente medicale &#8226; ANN REEVES &amp; FRANCESCA","isPartOf":{"@id":"https:\/\/masti.francesca.ro\/#website"},"datePublished":"2013-06-02T12:52:33+00:00","dateModified":"2023-02-16T13:06:28+00:00","description":"Cel mai bun produc\u0103tor de m\u0103\u0219ti chirurgicale de unic\u0103 folosin\u021b\u0103 \u0219i echipamente medicale de protec\u021bie personal\u0103 din Sud Estul Europei.","breadcrumb":{"@id":"https:\/\/masti.francesca.ro\/produse\/#breadcrumb"},"inLanguage":"en-US","potentialAction":[{"@type":"ReadAction","target":["https:\/\/masti.francesca.ro\/produse\/"]}]},{"@type":"BreadcrumbList","@id":"https:\/\/masti.francesca.ro\/produse\/#breadcrumb","itemListElement":[{"@type":"ListItem","position":1,"name":"Home","item":"https:\/\/masti.francesca.ro\/"},{"@type":"ListItem","position":2,"name":"Produse"}]},{"@type":"WebSite","@id":"https:\/\/masti.francesca.ro\/#website","url":"https:\/\/masti.francesca.ro\/","name":"ANN REEVES &amp; FRANCESCA","description":"","publisher":{"@id":"https:\/\/masti.francesca.ro\/#organization"},"potentialAction":[{"@type":"SearchAction","target":{"@type":"EntryPoint","urlTemplate":"https:\/\/masti.francesca.ro\/?s={search_term_string}"},"query-input":"required name=search_term_string"}],"inLanguage":"en-US"},{"@type":"Organization","@id":"https:\/\/masti.francesca.ro\/#organization","name":"S.C. ANN REEVES & FRANCESCA S.A.","url":"https:\/\/masti.francesca.ro\/","logo":{"@type":"ImageObject","inLanguage":"en-US","@id":"https:\/\/masti.francesca.ro\/#\/schema\/logo\/image\/","url":"https:\/\/masti.francesca.ro\/medical\/wp-content\/uploads\/2020\/10\/logo-francesca_ANN_g.png","contentUrl":"https:\/\/masti.francesca.ro\/medical\/wp-content\/uploads\/2020\/10\/logo-francesca_ANN_g.png","width":629,"height":197,"caption":"S.C. ANN REEVES & FRANCESCA S.A."},"image":{"@id":"https:\/\/masti.francesca.ro\/#\/schema\/logo\/image\/"},"sameAs":["https:\/\/www.facebook.com\/francesca.industries"]}]}},"_links":{"self":[{"href":"https:\/\/masti.francesca.ro\/en\/wp-json\/wp\/v2\/pages\/1851"}],"collection":[{"href":"https:\/\/masti.francesca.ro\/en\/wp-json\/wp\/v2\/pages"}],"about":[{"href":"https:\/\/masti.francesca.ro\/en\/wp-json\/wp\/v2\/types\/page"}],"author":[{"embeddable":true,"href":"https:\/\/masti.francesca.ro\/en\/wp-json\/wp\/v2\/users\/1"}],"replies":[{"embeddable":true,"href":"https:\/\/masti.francesca.ro\/en\/wp-json\/wp\/v2\/comments?post=1851"}],"version-history":[{"count":20,"href":"https:\/\/masti.francesca.ro\/en\/wp-json\/wp\/v2\/pages\/1851\/revisions"}],"predecessor-version":[{"id":17525,"href":"https:\/\/masti.francesca.ro\/en\/wp-json\/wp\/v2\/pages\/1851\/revisions\/17525"}],"wp:attachment":[{"href":"https:\/\/masti.francesca.ro\/en\/wp-json\/wp\/v2\/media?parent=1851"}],"curies":[{"name":"wp","href":"https:\/\/api.w.org\/{rel}","templated":true}]}}