{"id":14013,"date":"2017-09-03T22:38:55","date_gmt":"2017-09-03T22:38:55","guid":{"rendered":"https:\/\/landscaping.vamtam.com\/?page_id=14013"},"modified":"2023-02-16T13:20:24","modified_gmt":"2023-02-16T13:20:24","slug":"acasa","status":"publish","type":"page","link":"https:\/\/masti.francesca.ro\/en\/","title":{"rendered":"Home"},"content":{"rendered":"<div class=\"vgblk-rw-wrapper limit-wrapper\">\n<h4>\n\tSimply at the highest level\n\t<\/h4>\n\t<p>Surgical masks and protective medical equipment manufacturer.<\/p>\n<p>We produce and test our disposable medical masks and protective medical equipment in accordance with standards required by local and European authorities and laws.<\/p>\n\t<p><strong>Certifications:<\/strong><\/p>\n<ul>\n<li><strong>SR EN 14683+AC 2019 &#8211; <\/strong>Masc\u0103 facial\u0103 de uz medical tip IIR &#8211; Raport nr. PRTT00082331 din 01.02.2021<strong> ;<\/strong><\/li>\n<li><strong>Directiva 93\/42\/EEC<\/strong> &#8211; Certificat de \u00eenregistrare a dispozitivelor medicale RO_I_297_851 din 27.10.2020 \/ Certificat de \u00eenregistrare a dispozitivelor medicale RO_I_297_805 din 27.08.2020 eliberat de c\u0103tre Ministerul S\u0103n\u0103t\u0103\u021bii &#8211; Agen\u021bia Na\u021bional\u0103 a Medicamentului \u0219i a Dispozitivelor medicale din Rom\u00e2nia;<\/li>\n<li><strong>SR EN ISO 9001:2015 &#8211; <\/strong>pentru echipamente \u0219i dispozitive medicale &#8211; Certificat seria C nr. 6854 din 15.06.2020;<\/li>\n<li><strong>SR EN ISO 14001:2015 &#8211; <\/strong>pentru echipamente \u0219i dispozitive medicale &#8211; Certificat seria M nr.3883 din 15.06.2020;<\/li>\n<li><strong>SR EN ISO 45001:2018 &#8211;<\/strong> pentru echipamente \u0219i dispozitive medicale &#8211; Certificat seria S nr.2381 din 15.06.2020;<\/li>\n<li><strong>STAS 10813-76<\/strong> &#8211; testat pentru determinarea pulberilor \u00een suspensie &#8211; Rapoarte 768-773 din 29.06.2020;<\/li>\n<li><strong>SR EN 11737-1\/2018<\/strong> &#8211; testat pentru \u00eenc\u0103rc\u0103tura microbian\u0103 &#8211; Rapoarte nr.3\/4 din 16.11.2020;<\/li>\n<li><strong>ISO 22609:2004<\/strong> &#8211; testat pentru rezisten\u021b\u0103 la stropire &#8211; Raport nr. PRTT00082331 din 01.02.2021.<\/li>\n<\/ul>\n\t\t\t25\n<h3>\n\tperformant automatic and semi-automtic machines\n\t<\/h3>\n\t\t\t25,000,000\n<h3>\n\tmonthly surgical masks\n\t<\/h3>\n\t\t\t29\n<h3>\n\tyears of experience\n\t<\/h3>\n<h2>\n\tProtective medical equipment\n\t<\/h2>\n\t\t\t\t\t\t\t<img decoding=\"async\" loading=\"lazy\" src=\"https:\/\/masti.francesca.ro\/wp-content\/uploads\/2020\/11\/mapn1.jpg\" alt=\"mapn1\" itemprop=\"image\" height=\"217\" width=\"217\" title=\"mapn1\" onerror=\"this.style.display='none'\"  sizes=\"(max-width: 768px) 100vw, 100vw\" srcset=\"data:image\/svg+xml;utf8,&lt;svg%20xmlns=&quot;http:\/\/www.w3.org\/2000\/svg&quot;%20viewBox=&quot;0%200%20217%20217&quot;%20height=&quot;217px&quot;%20width=&quot;217px&quot;\/&gt;\" data-srcset=\"https:\/\/masti.francesca.ro\/wp-content\/uploads\/2020\/11\/mapn1.jpg 217w, https:\/\/masti.francesca.ro\/wp-content\/uploads\/2020\/11\/mapn1-150x150.jpg 150w, https:\/\/masti.francesca.ro\/wp-content\/uploads\/2020\/11\/mapn1-100x100.jpg 100w\" \/>\t\t\t\t\t\t\t\n\t\t\t\t\t\t\t<img decoding=\"async\" loading=\"lazy\" src=\"https:\/\/masti.francesca.ro\/wp-content\/uploads\/2023\/02\/ANMDM.gif\" alt=\"ANMDM\" itemprop=\"image\" height=\"290\" width=\"290\" title=\"ANMDM\" onerror=\"this.style.display='none'\"  sizes=\"(max-width: 768px) 100vw, 100vw\"\/>\t\t\t\t\t\t\t\n\t\t\t\t\t\t\t<img decoding=\"async\" loading=\"lazy\" src=\"https:\/\/masti.francesca.ro\/wp-content\/uploads\/2020\/10\/IMG_9428-scaled.jpeg\" alt=\"ANN REEVES &amp; FRANCESCA - ECHIPAMENTE DE PROTECTIE- MASTI UZ MEDICAL\" itemprop=\"image\" height=\"1707\" width=\"2560\" title=\"IMG_9428\" onerror=\"this.style.display='none'\"  sizes=\"(max-width: 768px) 100vw, 100vw\" srcset=\"data:image\/svg+xml;utf8,&lt;svg%20xmlns=&quot;http:\/\/www.w3.org\/2000\/svg&quot;%20viewBox=&quot;0%200%202560%201707&quot;%20height=&quot;1707px&quot;%20width=&quot;2560px&quot;\/&gt;\" data-srcset=\"https:\/\/masti.francesca.ro\/wp-content\/uploads\/2020\/10\/IMG_9428-scaled.jpeg 2560w, https:\/\/masti.francesca.ro\/wp-content\/uploads\/2020\/10\/IMG_9428-300x200.jpeg 300w, https:\/\/masti.francesca.ro\/wp-content\/uploads\/2020\/10\/IMG_9428-1024x683.jpeg 1024w, https:\/\/masti.francesca.ro\/wp-content\/uploads\/2020\/10\/IMG_9428-768x512.jpeg 768w, https:\/\/masti.francesca.ro\/wp-content\/uploads\/2020\/10\/IMG_9428-1536x1024.jpeg 1536w, https:\/\/masti.francesca.ro\/wp-content\/uploads\/2020\/10\/IMG_9428-2048x1365.jpeg 2048w, https:\/\/masti.francesca.ro\/wp-content\/uploads\/2020\/10\/IMG_9428-1260x840.jpeg 1260w, https:\/\/masti.francesca.ro\/wp-content\/uploads\/2020\/10\/IMG_9428-630x420.jpeg 630w, https:\/\/masti.francesca.ro\/wp-content\/uploads\/2020\/10\/IMG_9428-420x280.jpeg 420w, https:\/\/masti.francesca.ro\/wp-content\/uploads\/2020\/10\/IMG_9428-840x560.jpeg 840w, https:\/\/masti.francesca.ro\/wp-content\/uploads\/2020\/10\/IMG_9428-315x210.jpeg 315w\" \/>\t\t\t\t\t\t\t\n\t\t\t\t\t\t\t<img decoding=\"async\" loading=\"lazy\" src=\"https:\/\/masti.francesca.ro\/wp-content\/uploads\/2020\/10\/IMG_9424-scaled.jpeg\" alt=\"ANN REEVES &amp; FRANCESCA - ECHIPAMENTE DE PROTECTIE- MASTI UZ MEDICAL\" itemprop=\"image\" height=\"1706\" width=\"2560\" title=\"IMG_9424\" onerror=\"this.style.display='none'\"  sizes=\"(max-width: 768px) 100vw, 100vw\" srcset=\"data:image\/svg+xml;utf8,&lt;svg%20xmlns=&quot;http:\/\/www.w3.org\/2000\/svg&quot;%20viewBox=&quot;0%200%202560%201706&quot;%20height=&quot;1706px&quot;%20width=&quot;2560px&quot;\/&gt;\" data-srcset=\"https:\/\/masti.francesca.ro\/wp-content\/uploads\/2020\/10\/IMG_9424-scaled.jpeg 2560w, https:\/\/masti.francesca.ro\/wp-content\/uploads\/2020\/10\/IMG_9424-300x200.jpeg 300w, https:\/\/masti.francesca.ro\/wp-content\/uploads\/2020\/10\/IMG_9424-1024x683.jpeg 1024w, https:\/\/masti.francesca.ro\/wp-content\/uploads\/2020\/10\/IMG_9424-768x512.jpeg 768w, https:\/\/masti.francesca.ro\/wp-content\/uploads\/2020\/10\/IMG_9424-1536x1024.jpeg 1536w, https:\/\/masti.francesca.ro\/wp-content\/uploads\/2020\/10\/IMG_9424-2048x1365.jpeg 2048w, https:\/\/masti.francesca.ro\/wp-content\/uploads\/2020\/10\/IMG_9424-1260x840.jpeg 1260w, https:\/\/masti.francesca.ro\/wp-content\/uploads\/2020\/10\/IMG_9424-630x420.jpeg 630w, https:\/\/masti.francesca.ro\/wp-content\/uploads\/2020\/10\/IMG_9424-420x280.jpeg 420w, https:\/\/masti.francesca.ro\/wp-content\/uploads\/2020\/10\/IMG_9424-840x560.jpeg 840w, https:\/\/masti.francesca.ro\/wp-content\/uploads\/2020\/10\/IMG_9424-315x210.jpeg 315w\" \/>\t\t\t\t\t\t\t\n\t\t\t\t\t\t\t<img decoding=\"async\" loading=\"lazy\" src=\"https:\/\/masti.francesca.ro\/wp-content\/uploads\/2020\/10\/IMG_9431-scaled.jpeg\" alt=\"ANN REEVES &amp; FRANCESCA - ECHIPAMENTE DE PROTECTIE- MASTI UZ MEDICAL\" itemprop=\"image\" height=\"1707\" width=\"2560\" title=\"IMG_9431\" onerror=\"this.style.display='none'\"  sizes=\"(max-width: 768px) 100vw, 100vw\" srcset=\"data:image\/svg+xml;utf8,&lt;svg%20xmlns=&quot;http:\/\/www.w3.org\/2000\/svg&quot;%20viewBox=&quot;0%200%202560%201707&quot;%20height=&quot;1707px&quot;%20width=&quot;2560px&quot;\/&gt;\" data-srcset=\"https:\/\/masti.francesca.ro\/wp-content\/uploads\/2020\/10\/IMG_9431-scaled.jpeg 2560w, https:\/\/masti.francesca.ro\/wp-content\/uploads\/2020\/10\/IMG_9431-300x200.jpeg 300w, https:\/\/masti.francesca.ro\/wp-content\/uploads\/2020\/10\/IMG_9431-1024x683.jpeg 1024w, https:\/\/masti.francesca.ro\/wp-content\/uploads\/2020\/10\/IMG_9431-768x512.jpeg 768w, https:\/\/masti.francesca.ro\/wp-content\/uploads\/2020\/10\/IMG_9431-1536x1024.jpeg 1536w, https:\/\/masti.francesca.ro\/wp-content\/uploads\/2020\/10\/IMG_9431-2048x1365.jpeg 2048w, https:\/\/masti.francesca.ro\/wp-content\/uploads\/2020\/10\/IMG_9431-1260x840.jpeg 1260w, https:\/\/masti.francesca.ro\/wp-content\/uploads\/2020\/10\/IMG_9431-630x420.jpeg 630w, https:\/\/masti.francesca.ro\/wp-content\/uploads\/2020\/10\/IMG_9431-420x280.jpeg 420w, https:\/\/masti.francesca.ro\/wp-content\/uploads\/2020\/10\/IMG_9431-840x560.jpeg 840w, https:\/\/masti.francesca.ro\/wp-content\/uploads\/2020\/10\/IMG_9431-315x210.jpeg 315w\" \/>\t\t\t\t\t\t\t\n\t\t\t\t\t\t\t<img decoding=\"async\" loading=\"lazy\" src=\"https:\/\/masti.francesca.ro\/wp-content\/uploads\/2020\/10\/productie.png\" alt=\"productie\" itemprop=\"image\" height=\"1000\" width=\"1000\" title=\"productie\" onerror=\"this.style.display='none'\"  sizes=\"(max-width: 768px) 100vw, 100vw\" srcset=\"data:image\/svg+xml;utf8,&lt;svg%20xmlns=&quot;http:\/\/www.w3.org\/2000\/svg&quot;%20viewBox=&quot;0%200%201000%201000&quot;%20height=&quot;1000px&quot;%20width=&quot;1000px&quot;\/&gt;\" data-srcset=\"https:\/\/masti.francesca.ro\/wp-content\/uploads\/2020\/10\/productie.png 1000w, https:\/\/masti.francesca.ro\/wp-content\/uploads\/2020\/10\/productie-300x300.png 300w, https:\/\/masti.francesca.ro\/wp-content\/uploads\/2020\/10\/productie-150x150.png 150w, https:\/\/masti.francesca.ro\/wp-content\/uploads\/2020\/10\/productie-768x768.png 768w, https:\/\/masti.francesca.ro\/wp-content\/uploads\/2020\/10\/productie-630x630.png 630w, https:\/\/masti.francesca.ro\/wp-content\/uploads\/2020\/10\/productie-420x420.png 420w, https:\/\/masti.francesca.ro\/wp-content\/uploads\/2020\/10\/productie-840x840.png 840w, https:\/\/masti.francesca.ro\/wp-content\/uploads\/2020\/10\/productie-315x315.png 315w, https:\/\/masti.francesca.ro\/wp-content\/uploads\/2020\/10\/productie-100x100.png 100w\" \/>\t\t\t\t\t\t\t\n\t<h4><strong>Produced in Romania<\/strong><\/h4>\n\t\t\t\t\t\t\t<img decoding=\"async\" loading=\"lazy\" src=\"https:\/\/masti.francesca.ro\/wp-content\/uploads\/2020\/10\/livrare.png\" alt=\"livrare\" itemprop=\"image\" height=\"1056\" width=\"1056\" title=\"livrare\" onerror=\"this.style.display='none'\"  sizes=\"(max-width: 768px) 100vw, 100vw\" srcset=\"data:image\/svg+xml;utf8,&lt;svg%20xmlns=&quot;http:\/\/www.w3.org\/2000\/svg&quot;%20viewBox=&quot;0%200%201056%201056&quot;%20height=&quot;1056px&quot;%20width=&quot;1056px&quot;\/&gt;\" data-srcset=\"https:\/\/masti.francesca.ro\/wp-content\/uploads\/2020\/10\/livrare.png 1056w, https:\/\/masti.francesca.ro\/wp-content\/uploads\/2020\/10\/livrare-300x300.png 300w, https:\/\/masti.francesca.ro\/wp-content\/uploads\/2020\/10\/livrare-1024x1024.png 1024w, https:\/\/masti.francesca.ro\/wp-content\/uploads\/2020\/10\/livrare-150x150.png 150w, https:\/\/masti.francesca.ro\/wp-content\/uploads\/2020\/10\/livrare-768x768.png 768w, https:\/\/masti.francesca.ro\/wp-content\/uploads\/2020\/10\/livrare-630x630.png 630w, https:\/\/masti.francesca.ro\/wp-content\/uploads\/2020\/10\/livrare-420x420.png 420w, https:\/\/masti.francesca.ro\/wp-content\/uploads\/2020\/10\/livrare-840x840.png 840w, https:\/\/masti.francesca.ro\/wp-content\/uploads\/2020\/10\/livrare-315x315.png 315w, https:\/\/masti.francesca.ro\/wp-content\/uploads\/2020\/10\/livrare-100x100.png 100w\" \/>\t\t\t\t\t\t\t\n\t<h4><strong>Fast delivery across Europe<\/strong><\/h4>\n\t\t\t\t\t\t\t<img decoding=\"async\" loading=\"lazy\" src=\"https:\/\/masti.francesca.ro\/wp-content\/uploads\/2020\/10\/ambalare.png\" alt=\"ambalare\" itemprop=\"image\" height=\"1000\" width=\"1000\" title=\"ambalare\" onerror=\"this.style.display='none'\"  sizes=\"(max-width: 768px) 100vw, 100vw\" srcset=\"data:image\/svg+xml;utf8,&lt;svg%20xmlns=&quot;http:\/\/www.w3.org\/2000\/svg&quot;%20viewBox=&quot;0%200%201000%201000&quot;%20height=&quot;1000px&quot;%20width=&quot;1000px&quot;\/&gt;\" data-srcset=\"https:\/\/masti.francesca.ro\/wp-content\/uploads\/2020\/10\/ambalare.png 1000w, https:\/\/masti.francesca.ro\/wp-content\/uploads\/2020\/10\/ambalare-300x300.png 300w, https:\/\/masti.francesca.ro\/wp-content\/uploads\/2020\/10\/ambalare-150x150.png 150w, https:\/\/masti.francesca.ro\/wp-content\/uploads\/2020\/10\/ambalare-768x768.png 768w, https:\/\/masti.francesca.ro\/wp-content\/uploads\/2020\/10\/ambalare-630x630.png 630w, https:\/\/masti.francesca.ro\/wp-content\/uploads\/2020\/10\/ambalare-420x420.png 420w, https:\/\/masti.francesca.ro\/wp-content\/uploads\/2020\/10\/ambalare-840x840.png 840w, https:\/\/masti.francesca.ro\/wp-content\/uploads\/2020\/10\/ambalare-315x315.png 315w, https:\/\/masti.francesca.ro\/wp-content\/uploads\/2020\/10\/ambalare-100x100.png 100w\" \/>\t\t\t\t\t\t\t\n\t<h4><strong>Custom packaging<\/strong><\/h4>\n\t\t\t\t\t\t\t<img decoding=\"async\" loading=\"lazy\" src=\"https:\/\/masti.francesca.ro\/wp-content\/uploads\/2020\/10\/calitateverificata.png\" alt=\"calitateverificata\" itemprop=\"image\" height=\"1000\" width=\"1000\" title=\"calitateverificata\" onerror=\"this.style.display='none'\"  sizes=\"(max-width: 768px) 100vw, 100vw\" srcset=\"data:image\/svg+xml;utf8,&lt;svg%20xmlns=&quot;http:\/\/www.w3.org\/2000\/svg&quot;%20viewBox=&quot;0%200%201000%201000&quot;%20height=&quot;1000px&quot;%20width=&quot;1000px&quot;\/&gt;\" data-srcset=\"https:\/\/masti.francesca.ro\/wp-content\/uploads\/2020\/10\/calitateverificata.png 1000w, https:\/\/masti.francesca.ro\/wp-content\/uploads\/2020\/10\/calitateverificata-300x300.png 300w, https:\/\/masti.francesca.ro\/wp-content\/uploads\/2020\/10\/calitateverificata-150x150.png 150w, https:\/\/masti.francesca.ro\/wp-content\/uploads\/2020\/10\/calitateverificata-768x768.png 768w, https:\/\/masti.francesca.ro\/wp-content\/uploads\/2020\/10\/calitateverificata-630x630.png 630w, https:\/\/masti.francesca.ro\/wp-content\/uploads\/2020\/10\/calitateverificata-420x420.png 420w, https:\/\/masti.francesca.ro\/wp-content\/uploads\/2020\/10\/calitateverificata-840x840.png 840w, https:\/\/masti.francesca.ro\/wp-content\/uploads\/2020\/10\/calitateverificata-315x315.png 315w, https:\/\/masti.francesca.ro\/wp-content\/uploads\/2020\/10\/calitateverificata-100x100.png 100w\" \/>\t\t\t\t\t\t\t\n\t<h4><strong>Verified quality<\/strong><\/h4>\n\t<h2>Short history<\/h2>\n<h3>\n\t1991\n\t<\/h3>\n\t<p>The first Francesca factory has been founded as a clothing workshop with 5 workers<\/p>\n<h5>\n\t1994\n\t<\/h5>\n\t<p>70 employees were working within the organization<\/p>\n<h5>\n\t1995\n\t<\/h5>\n\t<p>The activity has extended to a different  town, Topoloveni<\/p>\n<h5>\n\t2000-2015 \n\t<\/h5>\n\t<p>The factory has produced garments for customers such as H&amp;M, Ikea, Zara, Debenhams<\/p>\n<h5>\n\t2004 \n\t<\/h5>\n\t<p>The company has reached a peak of 2000 employees<\/p>\n<h5>\n\t2005\n\t<\/h5>\n\t<p>The company has reached a delivery peak \u2013 6.000.000 garments per year were being transported  to the Uk<\/p>\n<h5>\n\t2019\n\t<\/h5>\n\t<p>Francesca has bought decision rights in Ann Reeves, a London producer that had ensured the orders for the Romanian factories for over 20 years. Following this vertical movement in the commercial chain, Ann Reeves &amp; Francesca has been born.<\/p>\n<h5>\n\t2020\n\t<\/h5>\n\t<p>In the context of the global pandemic and huge demand of medical equipment supplies, the factory has turned towards the production of disposable face masks and protective medical equipment<\/p>\n\t<p>Ann Reeves &amp; Francesca is a Romanian company with a working history of over 26 years in the clothing industry. The company has always operated with private working capital.  On the strength of a 2.000.000 euro investment in high performance machineries and very skilled staff, the company was able to adapt in the most perspicacious way towards producing medical face masks and personal protective medical equipment.<\/p>\n<p>At this very moment, our production portfolio varies from type I, type II and type IIR medical face masks to protective boiling suits, fluid resistant gowns and protective shoe covers. Our factory owns 25 automatic and semi-automatic machines that ensure the manufacture in the best quality and hygiene conditions of 25.000.000 face masks monthly, 300.000.000 face masks per year.<\/p>\n\n<\/div><!-- .vgblk-rw-wrapper -->","protected":false},"excerpt":{"rendered":"<p>Pur \u015fi simplu la cel mai \u00eenalt nivel Produc\u0103tor de m\u0103\u0219ti chirurgicale \u0219i echipamente medicale de protec\u021bie personal\u0103. M\u0103\u0219tile medicale de unic\u0103 folosin\u021b\u0103 \u0219i echipamentele de protec\u021bie sunt testate \u0219i avizate conform regulilor \u00een vigoare. CERTIFIC\u0102RI: SR EN 14683+AC 2019 &#8211; Masc\u0103 facial\u0103 de uz medical tip IIR &#8211; Raport nr. PRTT00082331 din 01.02.2021 ;&#8230;<\/p>","protected":false},"author":1,"featured_media":0,"parent":0,"menu_order":0,"comment_status":"closed","ping_status":"closed","template":"","meta":{"footnotes":""},"yoast_head":"<!-- This site is optimized with the Yoast SEO plugin v21.9.1 - https:\/\/yoast.com\/wordpress\/plugins\/seo\/ -->\n<title>Acas\u0103 &#8226; ANN REEVES &amp; FRANCESCA &#8226; Produc\u0103tor m\u0103\u0219ti chirurgicale<\/title>\n<meta name=\"description\" content=\"Cel mai bun produc\u0103tor de m\u0103\u0219ti chirurgicale \u0219i echipamente medicale de protec\u021bie personal\u0103 din Sud Estul Europei.\" \/>\n<meta name=\"robots\" content=\"index, follow, max-snippet:-1, max-image-preview:large, max-video-preview:-1\" \/>\n<link rel=\"canonical\" href=\"https:\/\/masti.francesca.ro\/en\/\" \/>\n<meta property=\"og:locale\" content=\"en_US\" \/>\n<meta property=\"og:type\" content=\"article\" \/>\n<meta property=\"og:title\" content=\"Acas\u0103 &#8226; ANN REEVES &amp; FRANCESCA &#8226; Produc\u0103tor m\u0103\u0219ti chirurgicale\" \/>\n<meta property=\"og:description\" content=\"Cel mai bun produc\u0103tor de m\u0103\u0219ti chirurgicale \u0219i echipamente medicale de protec\u021bie personal\u0103 din Sud Estul Europei.\" \/>\n<meta property=\"og:url\" content=\"https:\/\/masti.francesca.ro\/en\/\" \/>\n<meta property=\"og:site_name\" content=\"ANN REEVES &amp; FRANCESCA\" \/>\n<meta property=\"article:publisher\" content=\"https:\/\/www.facebook.com\/francesca.industries\" \/>\n<meta property=\"article:modified_time\" content=\"2023-02-16T13:20:24+00:00\" \/>\n<meta property=\"og:image\" content=\"https:\/\/masti.francesca.ro\/wp-content\/uploads\/2020\/10\/fav_icon.png\" \/>\n\t<meta property=\"og:image:width\" content=\"300\" \/>\n\t<meta property=\"og:image:height\" content=\"300\" \/>\n\t<meta property=\"og:image:type\" content=\"image\/png\" \/>\n<meta name=\"twitter:label1\" content=\"Est. reading time\" \/>\n\t<meta name=\"twitter:data1\" content=\"5 minutes\" \/>\n<script type=\"application\/ld+json\" class=\"yoast-schema-graph\">{\"@context\":\"https:\/\/schema.org\",\"@graph\":[{\"@type\":\"WebPage\",\"@id\":\"https:\/\/masti.francesca.ro\/\",\"url\":\"https:\/\/masti.francesca.ro\/\",\"name\":\"Acas\u0103 &#8226; ANN REEVES &amp; FRANCESCA &#8226; Produc\u0103tor m\u0103\u0219ti chirurgicale\",\"isPartOf\":{\"@id\":\"https:\/\/masti.francesca.ro\/#website\"},\"datePublished\":\"2017-09-03T22:38:55+00:00\",\"dateModified\":\"2023-02-16T13:20:24+00:00\",\"description\":\"Cel mai bun produc\u0103tor de m\u0103\u0219ti chirurgicale \u0219i echipamente medicale de protec\u021bie personal\u0103 din Sud Estul Europei.\",\"breadcrumb\":{\"@id\":\"https:\/\/masti.francesca.ro\/#breadcrumb\"},\"inLanguage\":\"en-US\",\"potentialAction\":[{\"@type\":\"ReadAction\",\"target\":[\"https:\/\/masti.francesca.ro\/\"]}]},{\"@type\":\"BreadcrumbList\",\"@id\":\"https:\/\/masti.francesca.ro\/#breadcrumb\",\"itemListElement\":[{\"@type\":\"ListItem\",\"position\":1,\"name\":\"Home\",\"item\":\"https:\/\/masti.francesca.ro\/\"},{\"@type\":\"ListItem\",\"position\":2,\"name\":\"Acas\u0103\"}]},{\"@type\":\"WebSite\",\"@id\":\"https:\/\/masti.francesca.ro\/#website\",\"url\":\"https:\/\/masti.francesca.ro\/\",\"name\":\"ANN REEVES &amp; FRANCESCA\",\"description\":\"\",\"publisher\":{\"@id\":\"https:\/\/masti.francesca.ro\/#organization\"},\"potentialAction\":[{\"@type\":\"SearchAction\",\"target\":{\"@type\":\"EntryPoint\",\"urlTemplate\":\"https:\/\/masti.francesca.ro\/?s={search_term_string}\"},\"query-input\":\"required name=search_term_string\"}],\"inLanguage\":\"en-US\"},{\"@type\":\"Organization\",\"@id\":\"https:\/\/masti.francesca.ro\/#organization\",\"name\":\"S.C. ANN REEVES & FRANCESCA S.A.\",\"url\":\"https:\/\/masti.francesca.ro\/\",\"logo\":{\"@type\":\"ImageObject\",\"inLanguage\":\"en-US\",\"@id\":\"https:\/\/masti.francesca.ro\/#\/schema\/logo\/image\/\",\"url\":\"https:\/\/masti.francesca.ro\/medical\/wp-content\/uploads\/2020\/10\/logo-francesca_ANN_g.png\",\"contentUrl\":\"https:\/\/masti.francesca.ro\/medical\/wp-content\/uploads\/2020\/10\/logo-francesca_ANN_g.png\",\"width\":629,\"height\":197,\"caption\":\"S.C. ANN REEVES & FRANCESCA S.A.\"},\"image\":{\"@id\":\"https:\/\/masti.francesca.ro\/#\/schema\/logo\/image\/\"},\"sameAs\":[\"https:\/\/www.facebook.com\/francesca.industries\"]}]}<\/script>\n<!-- \/ Yoast SEO plugin. -->","yoast_head_json":{"title":"Acas\u0103 &#8226; ANN REEVES &amp; FRANCESCA &#8226; Produc\u0103tor m\u0103\u0219ti chirurgicale","description":"Cel mai bun produc\u0103tor de m\u0103\u0219ti chirurgicale \u0219i echipamente medicale de protec\u021bie personal\u0103 din Sud Estul Europei.","robots":{"index":"index","follow":"follow","max-snippet":"max-snippet:-1","max-image-preview":"max-image-preview:large","max-video-preview":"max-video-preview:-1"},"canonical":"https:\/\/masti.francesca.ro\/en\/","og_locale":"en_US","og_type":"article","og_title":"Acas\u0103 &#8226; ANN REEVES &amp; FRANCESCA &#8226; Produc\u0103tor m\u0103\u0219ti chirurgicale","og_description":"Cel mai bun produc\u0103tor de m\u0103\u0219ti chirurgicale \u0219i echipamente medicale de protec\u021bie personal\u0103 din Sud Estul Europei.","og_url":"https:\/\/masti.francesca.ro\/en\/","og_site_name":"ANN REEVES &amp; FRANCESCA","article_publisher":"https:\/\/www.facebook.com\/francesca.industries","article_modified_time":"2023-02-16T13:20:24+00:00","og_image":[{"width":300,"height":300,"url":"https:\/\/masti.francesca.ro\/wp-content\/uploads\/2020\/10\/fav_icon.png","type":"image\/png"}],"twitter_misc":{"Est. reading time":"5 minutes"},"schema":{"@context":"https:\/\/schema.org","@graph":[{"@type":"WebPage","@id":"https:\/\/masti.francesca.ro\/","url":"https:\/\/masti.francesca.ro\/","name":"Acas\u0103 &#8226; ANN REEVES &amp; FRANCESCA &#8226; Produc\u0103tor m\u0103\u0219ti chirurgicale","isPartOf":{"@id":"https:\/\/masti.francesca.ro\/#website"},"datePublished":"2017-09-03T22:38:55+00:00","dateModified":"2023-02-16T13:20:24+00:00","description":"Cel mai bun produc\u0103tor de m\u0103\u0219ti chirurgicale \u0219i echipamente medicale de protec\u021bie personal\u0103 din Sud Estul Europei.","breadcrumb":{"@id":"https:\/\/masti.francesca.ro\/#breadcrumb"},"inLanguage":"en-US","potentialAction":[{"@type":"ReadAction","target":["https:\/\/masti.francesca.ro\/"]}]},{"@type":"BreadcrumbList","@id":"https:\/\/masti.francesca.ro\/#breadcrumb","itemListElement":[{"@type":"ListItem","position":1,"name":"Home","item":"https:\/\/masti.francesca.ro\/"},{"@type":"ListItem","position":2,"name":"Acas\u0103"}]},{"@type":"WebSite","@id":"https:\/\/masti.francesca.ro\/#website","url":"https:\/\/masti.francesca.ro\/","name":"ANN REEVES &amp; FRANCESCA","description":"","publisher":{"@id":"https:\/\/masti.francesca.ro\/#organization"},"potentialAction":[{"@type":"SearchAction","target":{"@type":"EntryPoint","urlTemplate":"https:\/\/masti.francesca.ro\/?s={search_term_string}"},"query-input":"required name=search_term_string"}],"inLanguage":"en-US"},{"@type":"Organization","@id":"https:\/\/masti.francesca.ro\/#organization","name":"S.C. ANN REEVES & FRANCESCA S.A.","url":"https:\/\/masti.francesca.ro\/","logo":{"@type":"ImageObject","inLanguage":"en-US","@id":"https:\/\/masti.francesca.ro\/#\/schema\/logo\/image\/","url":"https:\/\/masti.francesca.ro\/medical\/wp-content\/uploads\/2020\/10\/logo-francesca_ANN_g.png","contentUrl":"https:\/\/masti.francesca.ro\/medical\/wp-content\/uploads\/2020\/10\/logo-francesca_ANN_g.png","width":629,"height":197,"caption":"S.C. ANN REEVES & FRANCESCA S.A."},"image":{"@id":"https:\/\/masti.francesca.ro\/#\/schema\/logo\/image\/"},"sameAs":["https:\/\/www.facebook.com\/francesca.industries"]}]}},"_links":{"self":[{"href":"https:\/\/masti.francesca.ro\/en\/wp-json\/wp\/v2\/pages\/14013"}],"collection":[{"href":"https:\/\/masti.francesca.ro\/en\/wp-json\/wp\/v2\/pages"}],"about":[{"href":"https:\/\/masti.francesca.ro\/en\/wp-json\/wp\/v2\/types\/page"}],"author":[{"embeddable":true,"href":"https:\/\/masti.francesca.ro\/en\/wp-json\/wp\/v2\/users\/1"}],"replies":[{"embeddable":true,"href":"https:\/\/masti.francesca.ro\/en\/wp-json\/wp\/v2\/comments?post=14013"}],"version-history":[{"count":58,"href":"https:\/\/masti.francesca.ro\/en\/wp-json\/wp\/v2\/pages\/14013\/revisions"}],"predecessor-version":[{"id":17697,"href":"https:\/\/masti.francesca.ro\/en\/wp-json\/wp\/v2\/pages\/14013\/revisions\/17697"}],"wp:attachment":[{"href":"https:\/\/masti.francesca.ro\/en\/wp-json\/wp\/v2\/media?parent=14013"}],"curies":[{"name":"wp","href":"https:\/\/api.w.org\/{rel}","templated":true}]}}