{"id":11412,"date":"2016-12-05T16:27:47","date_gmt":"2016-12-05T16:27:47","guid":{"rendered":"https:\/\/landscaping.vamtam.com\/?page_id=11412"},"modified":"2022-04-04T11:35:38","modified_gmt":"2022-04-04T11:35:38","slug":"contact","status":"publish","type":"page","link":"https:\/\/masti.francesca.ro\/en\/contact\/","title":{"rendered":"Contact"},"content":{"rendered":"<div class=\"vgblk-rw-wrapper limit-wrapper\">\n<h4>\n\tContact us!\n\t<\/h4>\n\tYou can contact us for any information or questions related to our products.<br \/>\n<a href=\"https:\/\/masti.francesca.ro\/en\/\"><strong>ANN REEVES &amp; FRANCESCA<\/strong><\/a> ofer\u0103 posibilitatea personaliz\u0103rii m\u0103\u0219tilor chirurgicale \u0219i a modurilor de ambalare, \u00een func\u021bie de nevoile dumneavoastr\u0103.\n    Notice: JavaScript is required for this content.\n        <!-- TODO: Move to Template File. -->\n        <h3>\n\t\tS.C. ANN REEVES &#038; FRANCESCA S.A.\n\t<\/h3>\n\t<h4>RO5660350<br \/>\nJ03\/101\/1994<\/h4>\n\t\n<h5>Str. Nicolae B\u0103lcescu, no.173,<br \/>\nPite\u015fti, Arge\u015f, Romania,110066<\/h5>\n<h5>E-Mail: <a href=\"mailto:office@francesca.ro\">office@francesca.ro<\/a><br \/>\nTelefon: <a href=\"tel: 40248280533\">+40.248.280.533<\/a><br \/>\nFax: <a href=\"tel: 40248280535\">+40.248.280.535<\/a><\/h5>\n<p>&nbsp;<\/p>\n\t\t<iframe src=\"https:\/\/maps.google.com\/maps?q=Str.+Nicolae+Balcescu%2C+nr.173%2C+Pite%C5%9Fti%2C+Arge%C5%9F%2C+Romania&#038;iwloc=near&#038;output=embed\" height=\"920\" frameborder=\"0\"><\/iframe>\n<h2>\n\tTHE BEST SUPPLIER OF MEDICAL MASKS AND MEDICAL PROTECTIVE EQUIPMENT IN SOUTH EAST EUROPE\n\t<\/h2>\n\n<\/div><!-- .vgblk-rw-wrapper -->","protected":false},"excerpt":{"rendered":"<p>Contacta\u021bi-ne! Ne pute\u021bi contacta pentru orice informa\u021bie sau nel\u0103murire legat\u0103 de produsele noastre. ANN REEVES &amp; FRANCESCA ofer\u0103 posibilitatea personaliz\u0103rii m\u0103\u0219tilor chirurgicale \u0219i a modurilor de ambalare, \u00een func\u021bie de nevoile dumneavoastr\u0103. Notice: JavaScript is required for this content. S.C. ANN REEVES &#038; FRANCESCA S.A. RO5660350 J03\/101\/1994 Str. Nicolae B\u0103lcescu, nr.173, Pite\u015fti, Arge\u015f, Rom\u00e2nia,110066 E-Mail:&#8230;<\/p>","protected":false},"author":1,"featured_media":0,"parent":0,"menu_order":0,"comment_status":"closed","ping_status":"closed","template":"","meta":{"footnotes":""},"yoast_head":"<!-- This site is optimized with the Yoast SEO plugin v21.9.1 - https:\/\/yoast.com\/wordpress\/plugins\/seo\/ -->\n<title>Contact &#8226; ANN REEVES &amp; FRANCESCA &#8226; Produc\u0103tor m\u0103\u0219ti chirurgicale<\/title>\n<meta name=\"description\" content=\"ANN REEVES &amp; FRANCESCA ofer\u0103 posibilitatea personaliz\u0103rii m\u0103\u0219tilor chirurgicale \u0219i a modurilor de ambalare.\" \/>\n<meta name=\"robots\" content=\"index, follow, max-snippet:-1, max-image-preview:large, max-video-preview:-1\" \/>\n<link rel=\"canonical\" href=\"https:\/\/masti.francesca.ro\/en\/contact\/\" \/>\n<meta property=\"og:locale\" content=\"en_US\" \/>\n<meta property=\"og:type\" content=\"article\" \/>\n<meta property=\"og:title\" content=\"Produc\u0103tor m\u0103\u0219ti chirurgicale\" \/>\n<meta property=\"og:description\" content=\"Ne pute\u021bi contacta pentru orice informa\u021bie sau nel\u0103murire legat\u0103 de produsele noastre.ANN REEVES &amp; FRANCESCA ofer\u0103 posibilitatea personaliz\u0103rii m\u0103\u0219tilor chirurgicale \u0219i a modurilor de ambalare, \u00een func\u021bie de nevoile dumneavoastr\u0103.\" \/>\n<meta property=\"og:url\" content=\"https:\/\/masti.francesca.ro\/en\/contact\/\" \/>\n<meta property=\"og:site_name\" content=\"ANN REEVES &amp; FRANCESCA\" \/>\n<meta property=\"article:publisher\" content=\"https:\/\/www.facebook.com\/francesca.industries\" \/>\n<meta property=\"article:modified_time\" content=\"2022-04-04T11:35:38+00:00\" \/>\n<meta property=\"og:image\" content=\"https:\/\/masti.francesca.ro\/wp-content\/uploads\/2020\/10\/fav_icon.png\" \/>\n\t<meta property=\"og:image:width\" content=\"300\" \/>\n\t<meta property=\"og:image:height\" content=\"300\" \/>\n\t<meta property=\"og:image:type\" content=\"image\/png\" \/>\n<script type=\"application\/ld+json\" class=\"yoast-schema-graph\">{\"@context\":\"https:\/\/schema.org\",\"@graph\":[{\"@type\":\"WebPage\",\"@id\":\"https:\/\/masti.francesca.ro\/contact\/\",\"url\":\"https:\/\/masti.francesca.ro\/contact\/\",\"name\":\"Contact &#8226; ANN REEVES &amp; FRANCESCA &#8226; Produc\u0103tor m\u0103\u0219ti chirurgicale\",\"isPartOf\":{\"@id\":\"https:\/\/masti.francesca.ro\/#website\"},\"datePublished\":\"2016-12-05T16:27:47+00:00\",\"dateModified\":\"2022-04-04T11:35:38+00:00\",\"description\":\"ANN REEVES & FRANCESCA ofer\u0103 posibilitatea personaliz\u0103rii m\u0103\u0219tilor chirurgicale \u0219i a modurilor de ambalare.\",\"breadcrumb\":{\"@id\":\"https:\/\/masti.francesca.ro\/contact\/#breadcrumb\"},\"inLanguage\":\"en-US\",\"potentialAction\":[{\"@type\":\"ReadAction\",\"target\":[\"https:\/\/masti.francesca.ro\/contact\/\"]}]},{\"@type\":\"BreadcrumbList\",\"@id\":\"https:\/\/masti.francesca.ro\/contact\/#breadcrumb\",\"itemListElement\":[{\"@type\":\"ListItem\",\"position\":1,\"name\":\"Home\",\"item\":\"https:\/\/masti.francesca.ro\/\"},{\"@type\":\"ListItem\",\"position\":2,\"name\":\"Contact\"}]},{\"@type\":\"WebSite\",\"@id\":\"https:\/\/masti.francesca.ro\/#website\",\"url\":\"https:\/\/masti.francesca.ro\/\",\"name\":\"ANN REEVES &amp; FRANCESCA\",\"description\":\"\",\"publisher\":{\"@id\":\"https:\/\/masti.francesca.ro\/#organization\"},\"potentialAction\":[{\"@type\":\"SearchAction\",\"target\":{\"@type\":\"EntryPoint\",\"urlTemplate\":\"https:\/\/masti.francesca.ro\/?s={search_term_string}\"},\"query-input\":\"required name=search_term_string\"}],\"inLanguage\":\"en-US\"},{\"@type\":\"Organization\",\"@id\":\"https:\/\/masti.francesca.ro\/#organization\",\"name\":\"S.C. ANN REEVES & FRANCESCA S.A.\",\"url\":\"https:\/\/masti.francesca.ro\/\",\"logo\":{\"@type\":\"ImageObject\",\"inLanguage\":\"en-US\",\"@id\":\"https:\/\/masti.francesca.ro\/#\/schema\/logo\/image\/\",\"url\":\"https:\/\/masti.francesca.ro\/medical\/wp-content\/uploads\/2020\/10\/logo-francesca_ANN_g.png\",\"contentUrl\":\"https:\/\/masti.francesca.ro\/medical\/wp-content\/uploads\/2020\/10\/logo-francesca_ANN_g.png\",\"width\":629,\"height\":197,\"caption\":\"S.C. ANN REEVES & FRANCESCA S.A.\"},\"image\":{\"@id\":\"https:\/\/masti.francesca.ro\/#\/schema\/logo\/image\/\"},\"sameAs\":[\"https:\/\/www.facebook.com\/francesca.industries\"]}]}<\/script>\n<!-- \/ Yoast SEO plugin. -->","yoast_head_json":{"title":"Contact &#8226; ANN REEVES &amp; FRANCESCA &#8226; Produc\u0103tor m\u0103\u0219ti chirurgicale","description":"ANN REEVES & FRANCESCA ofer\u0103 posibilitatea personaliz\u0103rii m\u0103\u0219tilor chirurgicale \u0219i a modurilor de ambalare.","robots":{"index":"index","follow":"follow","max-snippet":"max-snippet:-1","max-image-preview":"max-image-preview:large","max-video-preview":"max-video-preview:-1"},"canonical":"https:\/\/masti.francesca.ro\/en\/contact\/","og_locale":"en_US","og_type":"article","og_title":"Produc\u0103tor m\u0103\u0219ti chirurgicale","og_description":"Ne pute\u021bi contacta pentru orice informa\u021bie sau nel\u0103murire legat\u0103 de produsele noastre.ANN REEVES & FRANCESCA ofer\u0103 posibilitatea personaliz\u0103rii m\u0103\u0219tilor chirurgicale \u0219i a modurilor de ambalare, \u00een func\u021bie de nevoile dumneavoastr\u0103.","og_url":"https:\/\/masti.francesca.ro\/en\/contact\/","og_site_name":"ANN REEVES &amp; FRANCESCA","article_publisher":"https:\/\/www.facebook.com\/francesca.industries","article_modified_time":"2022-04-04T11:35:38+00:00","og_image":[{"width":300,"height":300,"url":"https:\/\/masti.francesca.ro\/wp-content\/uploads\/2020\/10\/fav_icon.png","type":"image\/png"}],"schema":{"@context":"https:\/\/schema.org","@graph":[{"@type":"WebPage","@id":"https:\/\/masti.francesca.ro\/contact\/","url":"https:\/\/masti.francesca.ro\/contact\/","name":"Contact &#8226; ANN REEVES &amp; FRANCESCA &#8226; Produc\u0103tor m\u0103\u0219ti chirurgicale","isPartOf":{"@id":"https:\/\/masti.francesca.ro\/#website"},"datePublished":"2016-12-05T16:27:47+00:00","dateModified":"2022-04-04T11:35:38+00:00","description":"ANN REEVES & FRANCESCA ofer\u0103 posibilitatea personaliz\u0103rii m\u0103\u0219tilor chirurgicale \u0219i a modurilor de ambalare.","breadcrumb":{"@id":"https:\/\/masti.francesca.ro\/contact\/#breadcrumb"},"inLanguage":"en-US","potentialAction":[{"@type":"ReadAction","target":["https:\/\/masti.francesca.ro\/contact\/"]}]},{"@type":"BreadcrumbList","@id":"https:\/\/masti.francesca.ro\/contact\/#breadcrumb","itemListElement":[{"@type":"ListItem","position":1,"name":"Home","item":"https:\/\/masti.francesca.ro\/"},{"@type":"ListItem","position":2,"name":"Contact"}]},{"@type":"WebSite","@id":"https:\/\/masti.francesca.ro\/#website","url":"https:\/\/masti.francesca.ro\/","name":"ANN REEVES &amp; FRANCESCA","description":"","publisher":{"@id":"https:\/\/masti.francesca.ro\/#organization"},"potentialAction":[{"@type":"SearchAction","target":{"@type":"EntryPoint","urlTemplate":"https:\/\/masti.francesca.ro\/?s={search_term_string}"},"query-input":"required name=search_term_string"}],"inLanguage":"en-US"},{"@type":"Organization","@id":"https:\/\/masti.francesca.ro\/#organization","name":"S.C. ANN REEVES & FRANCESCA S.A.","url":"https:\/\/masti.francesca.ro\/","logo":{"@type":"ImageObject","inLanguage":"en-US","@id":"https:\/\/masti.francesca.ro\/#\/schema\/logo\/image\/","url":"https:\/\/masti.francesca.ro\/medical\/wp-content\/uploads\/2020\/10\/logo-francesca_ANN_g.png","contentUrl":"https:\/\/masti.francesca.ro\/medical\/wp-content\/uploads\/2020\/10\/logo-francesca_ANN_g.png","width":629,"height":197,"caption":"S.C. ANN REEVES & FRANCESCA S.A."},"image":{"@id":"https:\/\/masti.francesca.ro\/#\/schema\/logo\/image\/"},"sameAs":["https:\/\/www.facebook.com\/francesca.industries"]}]}},"_links":{"self":[{"href":"https:\/\/masti.francesca.ro\/en\/wp-json\/wp\/v2\/pages\/11412"}],"collection":[{"href":"https:\/\/masti.francesca.ro\/en\/wp-json\/wp\/v2\/pages"}],"about":[{"href":"https:\/\/masti.francesca.ro\/en\/wp-json\/wp\/v2\/types\/page"}],"author":[{"embeddable":true,"href":"https:\/\/masti.francesca.ro\/en\/wp-json\/wp\/v2\/users\/1"}],"replies":[{"embeddable":true,"href":"https:\/\/masti.francesca.ro\/en\/wp-json\/wp\/v2\/comments?post=11412"}],"version-history":[{"count":24,"href":"https:\/\/masti.francesca.ro\/en\/wp-json\/wp\/v2\/pages\/11412\/revisions"}],"predecessor-version":[{"id":17681,"href":"https:\/\/masti.francesca.ro\/en\/wp-json\/wp\/v2\/pages\/11412\/revisions\/17681"}],"wp:attachment":[{"href":"https:\/\/masti.francesca.ro\/en\/wp-json\/wp\/v2\/media?parent=11412"}],"curies":[{"name":"wp","href":"https:\/\/api.w.org\/{rel}","templated":true}]}}